{"id":1209,"date":"2025-02-01T16:45:40","date_gmt":"2025-02-01T15:45:40","guid":{"rendered":"https:\/\/julianeknoebl.com\/imprint\/"},"modified":"2026-02-23T17:15:56","modified_gmt":"2026-02-23T16:15:56","slug":"imprint","status":"publish","type":"page","link":"https:\/\/julianeknoebl.com\/en\/imprint\/","title":{"rendered":"Imprint"},"content":{"rendered":"\t\t<div data-elementor-type=\"wp-page\" data-elementor-id=\"1209\" class=\"elementor elementor-1209\" data-elementor-post-type=\"page\">\n\t\t\t\t\t\t<section class=\"elementor-section elementor-top-section elementor-element elementor-element-2476164 elementor-section-boxed elementor-section-height-default elementor-section-height-default e-parent\" data-id=\"2476164\" data-element_type=\"section\" data-e-type=\"section\">\n\t\t\t\t\t\t<div class=\"elementor-container elementor-column-gap-default\">\n\t\t\t\t\t<div class=\"elementor-column elementor-col-100 elementor-top-column elementor-element elementor-element-8156ffd lakit-col-width-auto-no\" data-id=\"8156ffd\" data-element_type=\"column\" data-e-type=\"column\">\n\t\t\t<div class=\"elementor-widget-wrap elementor-element-populated\">\n\t\t\t\t\t\t<div class=\"elementor-element elementor-element-72b0243 elementor-widget elementor-widget-text-editor\" data-id=\"72b0243\" data-element_type=\"widget\" data-e-type=\"widget\" data-widget_type=\"text-editor.default\">\n\t\t\t\t<div class=\"elementor-widget-container\">\n\t\t\t\t\t\t\t\t\t<h1>Site Notice<\/h1>\n<p>Juliane Kn\u00f6bl<br>Kesselbergstra\u00dfe 14<br>81539 M\u00fcnchen<\/p>\n<h2>Contact<\/h2>\n<p>Phone: 0176 32686319<br>E-mail: hello@julianeknoebl.com<\/p>\n<h2>Person responsible for editorial<\/h2>\n<p>Juliane Kn\u00f6bl<br>Kesselbergstra\u00dfe 14<br>81539 M\u00fcnchen<\/p>\n<h2>Dispute resolution proceedings in front of a consumer arbitration board<\/h2>\n<p>We are not willing or obliged to participate in dispute resolution proceedings in front of a consumer arbitration board.<\/p>\t\t\t\t\t\t\t\t<\/div>\n\t\t\t\t<\/div>\n\t\t\t\t<div class=\"elementor-element elementor-element-82a4cca elementor-widget elementor-widget-text-editor\" data-id=\"82a4cca\" data-element_type=\"widget\" data-e-type=\"widget\" data-widget_type=\"text-editor.default\">\n\t\t\t\t<div class=\"elementor-widget-container\">\n\t\t\t\t\t\t\t\t\t<p>Web development and technical website support:<br \/><a href=\"https:\/\/www.ammersee-media.de\/\" target=\"_blank\" rel=\"noopener\">Ammersee Media &#8211; WordPress agency<\/a><br \/><a href=\"https:\/\/wp-website-service.de\/\" target=\"_blank\" rel=\"noopener\">WordPress maintenance &#8211; support and service<\/a><\/p>\t\t\t\t\t\t\t\t<\/div>\n\t\t\t\t<\/div>\n\t\t\t\t\t<\/div>\n\t\t<\/div>\n\t\t\t\t\t<\/div>\n\t\t<\/section>\n\t\t\t\t<\/div>\n\t\t","protected":false},"excerpt":{"rendered":"<p>Imprint Juliane Kn\u00f6bl Kesselbergstrasse 14 81539 Munich Contact us Phone: 0176 32686319 E-mail: hello@julianeknoebl.com Editorial responsibility Juliane Kn\u00f6bl Kesselbergstrasse 14 81539 Munich Consumer dispute resolution\/universal arbitration board We are not willing or obliged to participate in dispute resolution proceedings before a consumer arbitration board. Development and technical support of the website: Ammersee Media &#8211; WordPress [&hellip;]<\/p>\n","protected":false},"author":1,"featured_media":0,"parent":0,"menu_order":0,"comment_status":"closed","ping_status":"closed","template":"","meta":{"footnotes":""},"class_list":["post-1209","page","type-page","status-publish","hentry"],"yoast_head":"<!-- This site is optimized with the Yoast SEO plugin v27.3 - https:\/\/yoast.com\/product\/yoast-seo-wordpress\/ -->\n<title>Imprint - Juliane Kn\u00f6bl<\/title>\n<meta name=\"robots\" content=\"index, follow, max-snippet:-1, max-image-preview:large, max-video-preview:-1\" \/>\n<link rel=\"canonical\" href=\"https:\/\/julianeknoebl.com\/en\/imprint\/\" \/>\n<meta property=\"og:locale\" content=\"en_US\" \/>\n<meta property=\"og:type\" content=\"article\" \/>\n<meta property=\"og:title\" content=\"Imprint - Juliane Kn\u00f6bl\" \/>\n<meta property=\"og:description\" content=\"Imprint Juliane Kn\u00f6bl Kesselbergstrasse 14 81539 Munich Contact us Phone: 0176 32686319 E-mail: hello@julianeknoebl.com Editorial responsibility Juliane Kn\u00f6bl Kesselbergstrasse 14 81539 Munich Consumer dispute resolution\/universal arbitration board We are not willing or obliged to participate in dispute resolution proceedings before a consumer arbitration board. Development and technical support of the website: Ammersee Media &#8211; WordPress [&hellip;]\" \/>\n<meta property=\"og:url\" content=\"https:\/\/julianeknoebl.com\/en\/imprint\/\" \/>\n<meta property=\"og:site_name\" content=\"Juliane Kn\u00f6bl\" \/>\n<meta property=\"article:modified_time\" content=\"2026-02-23T16:15:56+00:00\" \/>\n<meta name=\"twitter:card\" content=\"summary_large_image\" \/>\n<meta name=\"twitter:label1\" content=\"Est. reading time\" \/>\n\t<meta name=\"twitter:data1\" content=\"1 minute\" \/>\n<script type=\"application\/ld+json\" class=\"yoast-schema-graph\">{\"@context\":\"https:\\\/\\\/schema.org\",\"@graph\":[{\"@type\":\"WebPage\",\"@id\":\"https:\\\/\\\/julianeknoebl.com\\\/en\\\/imprint\\\/\",\"url\":\"https:\\\/\\\/julianeknoebl.com\\\/en\\\/imprint\\\/\",\"name\":\"Imprint - Juliane Kn\u00f6bl\",\"isPartOf\":{\"@id\":\"https:\\\/\\\/julianeknoebl.com\\\/#website\"},\"datePublished\":\"2025-02-01T15:45:40+00:00\",\"dateModified\":\"2026-02-23T16:15:56+00:00\",\"breadcrumb\":{\"@id\":\"https:\\\/\\\/julianeknoebl.com\\\/en\\\/imprint\\\/#breadcrumb\"},\"inLanguage\":\"en-US\",\"potentialAction\":[{\"@type\":\"ReadAction\",\"target\":[\"https:\\\/\\\/julianeknoebl.com\\\/en\\\/imprint\\\/\"]}]},{\"@type\":\"BreadcrumbList\",\"@id\":\"https:\\\/\\\/julianeknoebl.com\\\/en\\\/imprint\\\/#breadcrumb\",\"itemListElement\":[{\"@type\":\"ListItem\",\"position\":1,\"name\":\"Startseite\",\"item\":\"https:\\\/\\\/julianeknoebl.com\\\/en\\\/\"},{\"@type\":\"ListItem\",\"position\":2,\"name\":\"Imprint\"}]},{\"@type\":\"WebSite\",\"@id\":\"https:\\\/\\\/julianeknoebl.com\\\/#website\",\"url\":\"https:\\\/\\\/julianeknoebl.com\\\/\",\"name\":\"Juliane Kn\u00f6bl\",\"description\":\"\",\"potentialAction\":[{\"@type\":\"SearchAction\",\"target\":{\"@type\":\"EntryPoint\",\"urlTemplate\":\"https:\\\/\\\/julianeknoebl.com\\\/?s={search_term_string}\"},\"query-input\":{\"@type\":\"PropertyValueSpecification\",\"valueRequired\":true,\"valueName\":\"search_term_string\"}}],\"inLanguage\":\"en-US\"}]}<\/script>\n<!-- \/ Yoast SEO plugin. -->","yoast_head_json":{"title":"Imprint - Juliane Kn\u00f6bl","robots":{"index":"index","follow":"follow","max-snippet":"max-snippet:-1","max-image-preview":"max-image-preview:large","max-video-preview":"max-video-preview:-1"},"canonical":"https:\/\/julianeknoebl.com\/en\/imprint\/","og_locale":"en_US","og_type":"article","og_title":"Imprint - Juliane Kn\u00f6bl","og_description":"Imprint Juliane Kn\u00f6bl Kesselbergstrasse 14 81539 Munich Contact us Phone: 0176 32686319 E-mail: hello@julianeknoebl.com Editorial responsibility Juliane Kn\u00f6bl Kesselbergstrasse 14 81539 Munich Consumer dispute resolution\/universal arbitration board We are not willing or obliged to participate in dispute resolution proceedings before a consumer arbitration board. Development and technical support of the website: Ammersee Media &#8211; WordPress [&hellip;]","og_url":"https:\/\/julianeknoebl.com\/en\/imprint\/","og_site_name":"Juliane Kn\u00f6bl","article_modified_time":"2026-02-23T16:15:56+00:00","twitter_card":"summary_large_image","twitter_misc":{"Est. reading time":"1 minute"},"schema":{"@context":"https:\/\/schema.org","@graph":[{"@type":"WebPage","@id":"https:\/\/julianeknoebl.com\/en\/imprint\/","url":"https:\/\/julianeknoebl.com\/en\/imprint\/","name":"Imprint - Juliane Kn\u00f6bl","isPartOf":{"@id":"https:\/\/julianeknoebl.com\/#website"},"datePublished":"2025-02-01T15:45:40+00:00","dateModified":"2026-02-23T16:15:56+00:00","breadcrumb":{"@id":"https:\/\/julianeknoebl.com\/en\/imprint\/#breadcrumb"},"inLanguage":"en-US","potentialAction":[{"@type":"ReadAction","target":["https:\/\/julianeknoebl.com\/en\/imprint\/"]}]},{"@type":"BreadcrumbList","@id":"https:\/\/julianeknoebl.com\/en\/imprint\/#breadcrumb","itemListElement":[{"@type":"ListItem","position":1,"name":"Startseite","item":"https:\/\/julianeknoebl.com\/en\/"},{"@type":"ListItem","position":2,"name":"Imprint"}]},{"@type":"WebSite","@id":"https:\/\/julianeknoebl.com\/#website","url":"https:\/\/julianeknoebl.com\/","name":"Juliane Kn\u00f6bl","description":"","potentialAction":[{"@type":"SearchAction","target":{"@type":"EntryPoint","urlTemplate":"https:\/\/julianeknoebl.com\/?s={search_term_string}"},"query-input":{"@type":"PropertyValueSpecification","valueRequired":true,"valueName":"search_term_string"}}],"inLanguage":"en-US"}]}},"_links":{"self":[{"href":"https:\/\/julianeknoebl.com\/en\/wp-json\/wp\/v2\/pages\/1209","targetHints":{"allow":["GET"]}}],"collection":[{"href":"https:\/\/julianeknoebl.com\/en\/wp-json\/wp\/v2\/pages"}],"about":[{"href":"https:\/\/julianeknoebl.com\/en\/wp-json\/wp\/v2\/types\/page"}],"author":[{"embeddable":true,"href":"https:\/\/julianeknoebl.com\/en\/wp-json\/wp\/v2\/users\/1"}],"replies":[{"embeddable":true,"href":"https:\/\/julianeknoebl.com\/en\/wp-json\/wp\/v2\/comments?post=1209"}],"version-history":[{"count":14,"href":"https:\/\/julianeknoebl.com\/en\/wp-json\/wp\/v2\/pages\/1209\/revisions"}],"predecessor-version":[{"id":1395,"href":"https:\/\/julianeknoebl.com\/en\/wp-json\/wp\/v2\/pages\/1209\/revisions\/1395"}],"wp:attachment":[{"href":"https:\/\/julianeknoebl.com\/en\/wp-json\/wp\/v2\/media?parent=1209"}],"curies":[{"name":"wp","href":"https:\/\/api.w.org\/{rel}","templated":true}]}}